{"id":592,"date":"2018-03-22T07:54:08","date_gmt":"2018-03-22T06:54:08","guid":{"rendered":"http:\/\/www.kathrinhoeckel.com\/ueber-mich\/"},"modified":"2024-07-30T17:26:42","modified_gmt":"2024-07-30T15:26:42","slug":"a-propos","status":"publish","type":"page","link":"https:\/\/www.kathrinhoeckel.com\/fr\/a-propos\/","title":{"rendered":"A propos"},"content":{"rendered":"<p>[vc_row css_animation=\u00a0\u00bb\u00a0\u00bb row_type=\u00a0\u00bbrow\u00a0\u00bb use_row_as_full_screen_section=\u00a0\u00bbno\u00a0\u00bb type=\u00a0\u00bbfull_width\u00a0\u00bb angled_section=\u00a0\u00bbno\u00a0\u00bb text_align=\u00a0\u00bbleft\u00a0\u00bb background_image_as_pattern=\u00a0\u00bbwithout_pattern\u00a0\u00bb][vc_column]<div class=\"qode-split-scrolling-section\">\n    <div class=\"qode-sss-ms-left\"><div class=\"qode-sss-ms-section\"  style=\"background-image: url(https:\/\/www.kathrinhoeckel.com\/wp-content\/uploads\/2019\/01\/Kathrin_Hoeckel_Portrait_02.jpg);text-align: left\">\n\t[qode_elements_holder number_of_columns=\u00a0\u00bbone_column\u00a0\u00bb][qode_elements_holder_item advanced_animations=\u00a0\u00bbno\u00a0\u00bb item_padding=\u00a0\u00bb90.2vh 10px 0px 41px\u00a0\u00bb item_padding_1280_1440=\u00a0\u00bb87vh 10px 0px 41px\u00a0\u00bb item_padding_1024_1280=\u00a0\u00bb87vh 10px 0px 41px\u00a0\u00bb item_padding_768_1024=\u00a0\u00bb85.2vh 10px 49px 41px\u00a0\u00bb item_padding_600_768=\u00a0\u00bb81.2vh 10px 28px 41px\u00a0\u00bb item_padding_480=\u00a0\u00bb72.2vh 10px 21px 41px\u00a0\u00bb][\/qode_elements_holder_item][\/qode_elements_holder]<\/div><\/div><div class=\"qode-sss-ms-right\"><div class=\"qode-sss-ms-section\"  style=\"background-color: #ffffff;text-align: left\">\n\t[qode_elements_holder number_of_columns=\u00a0\u00bbone_column\u00a0\u00bb][qode_elements_holder_item advanced_animations=\u00a0\u00bbno\u00a0\u00bb item_padding=\u00a0\u00bb112px 93px 0px 85px\u00a0\u00bb item_padding_1280_1440=\u00a0\u00bb58px 50px 0px 47px\u00a0\u00bb item_padding_1024_1280=\u00a0\u00bb49px 14px 0px 31px\u00a0\u00bb item_padding_768_1024=\u00a0\u00bb44px 52px 42px 41px\u00a0\u00bb item_padding_600_768=\u00a0\u00bb44px 52px 34px 41px\u00a0\u00bb item_padding_480_600=\u00a0\u00bb44px 52px 34px 41px\u00a0\u00bb item_padding_480=\u00a0\u00bb28px 26px 0px 26px\u00a0\u00bb custom_class=\u00a0\u00bbeh-with-line\u00a0\u00bb][vc_column_text]\n<\/p>\n<h2>Engagement pour l&rsquo;\u00e9ducation<\/h2>\n<p>&nbsp;<\/p>\n<p>Vous voulez savoir quelles comp\u00e9tences seront n\u00e9cessaires dans le futur ? Vous voulez savoir quel syst\u00e8me d&rsquo;\u00e9ducation correspond le mieux aux exigences du monde actuel ? \u00cates-vous int\u00e9ress\u00e9s par des concepts d\u2019\u00e9ducation alternatifs ? Vous voulez comprendre comment un jeune peut apprendre le courage ou ce qu\u2019un iceberg peut nous enseigner ?<\/p>\n<p>&nbsp;<\/p>\n<p>En tant que consultante, auteure et cin\u00e9aste, je traite ces questions depuis 2004 : dans des analyses et conf\u00e9rences, programmes de formation continue, applications et jeux \u00e9ducatifs. Mes clients incluent des soci\u00e9t\u00e9s internationales, des ONG, des gouvernements, des entreprises de production, des \u00e9tablissements d\u2019enseignement, des organisateurs de s\u00e9minaires et de congr\u00e8s.<\/p>\n<p>&nbsp;<\/p>\n<p>Ma vocation est d&rsquo;inspirer les gens \u00e0 l&rsquo;\u00e9ducation. Parce que l&rsquo;\u00e9ducation est bien plus que de terminer un cursus scolaire ou une formation professionnelle qui pr\u00e9pare \u00e0 l\u2019emploi. \u00c0 mon avis, le but de l\u2019\u00e9ducation est de fa\u00e7onner le talent et les personnalit\u00e9s et de promouvoir l\u2019autonomie de chacun. Je suis d\u00e9termin\u00e9e \u00e0 faire en sorte que l&rsquo;\u00e9ducation devienne une base pr\u00e9cieuse pour une bonne qualit\u00e9 de vie et inspire un sens des responsabilit\u00e9s envers l&rsquo;environnement et la soci\u00e9t\u00e9.<\/p>\n<p>&nbsp;<\/p>\n<p>&nbsp;<\/p>\n<h2>Apprendre comme passion<\/h2>\n<p>&nbsp;<\/p>\n<p>Apprendre a toujours \u00e9t\u00e9 ma passion. Mon \u00e9cole Steiner \u00e9tait une \u00e9ducation pour la libert\u00e9 et pour un apprentissage autodirig\u00e9. Dans le jardin de l&rsquo;\u00e9cole, j&rsquo;ai explor\u00e9 la nature. Dans les projets d&rsquo;art, d&rsquo;artisanat et de th\u00e9\u00e2tre, j&rsquo;ai pu travailler de mani\u00e8re cr\u00e9ative. Et une formation priv\u00e9e de huit ans en dressage classique hippique m\u2019a appris la pr\u00e9cision et la discipline.<\/p>\n<p>&nbsp;<\/p>\n<p>Mes \u00e9tudes internationales m&rsquo;ont amen\u00e9 dans des universit\u00e9s \u00e0 Munich, Cambridge, Londres, Paris et Berlin. Dans mes \u00e9tudes d&rsquo;histoire, j&rsquo;ai d\u00e9velopp\u00e9 la pens\u00e9e critique. En sciences politiques, j\u2019ai appris \u00e0 argumenter en diff\u00e9rentes langues et en \u00e9conomie \u00e0 utiliser les donn\u00e9es et statistiques. Tous ces \u00e9l\u00e9ments ont constitu\u00e9 une base importante pour d\u00e9buter ma carri\u00e8re en tant qu\u2019analyste des politiques au sein du directorat de l\u2019\u00e9ducation de l\u2019OCDE.<\/p>\n<p>&nbsp;<\/p>\n<p>Pendant 10 ans, j&rsquo;ai conseill\u00e9 des gouvernements sur des questions d&rsquo;\u00e9ducation, \u00e9crit des analyses et donn\u00e9 des conf\u00e9rences sur diff\u00e9rentes sc\u00e8nes internationales. J&rsquo;ai acquis de pr\u00e9cieuses informations sur les politiques \u00e9ducatives et une vision globale du fonctionnement des syst\u00e8mes \u00e9ducatifs et de leurs acteurs, des minist\u00e8res, des organisations internationales, des \u00e9tablissements d&rsquo;enseignement et de recherche et des entreprises.<\/p>\n<p>&nbsp;<\/p>\n<p>Apr\u00e8s avoir pass\u00e9 un an en tant que Fellow \u00e0 la Graduate School of Education de l\u2019universit\u00e9 de Harvard et avoir poursuivi une formation continue au MIT Lab for Change Management avec Otto Scharmer, je me suis finalement install\u00e9e en consultante ind\u00e9pendante. C&rsquo;est un plaisir de partager mes exp\u00e9riences en mati\u00e8re d\u2019\u00e9ducation et de soutenir les personnes et les organisations avec des concepts et informations appropri\u00e9es.[\/vc_column_text][vc_empty_space height=\u00a0\u00bb50px\u00a0\u00bb][vc_single_image image=\u00a0\u00bb1076&Prime; img_size=\u00a0\u00bb47&#215;40&Prime; onclick=\u00a0\u00bbcustom_link\u00a0\u00bb img_link_target=\u00a0\u00bb_blank\u00a0\u00bb qode_css_animation=\u00a0\u00bb\u00a0\u00bb link=\u00a0\u00bbhttps:\/\/www.linkedin.com\/in\/kathrinhoeckel\/\u00a0\u00bb][vc_empty_space height=\u00a0\u00bb50px\u00a0\u00bb][vc_column_text]<a href=\"http:\/\/www.kathrinhoeckel.com\/fr\/contact\/\">Prendre contact<\/a>[\/vc_column_text][\/qode_elements_holder_item][\/qode_elements_holder]<\/div><\/div><\/div>[\/vc_column][\/vc_row]<\/p>\n","protected":false},"excerpt":{"rendered":"<p>[vc_row css_animation=\u00a0\u00bb\u00a0\u00bb row_type=\u00a0\u00bbrow\u00a0\u00bb use_row_as_full_screen_section=\u00a0\u00bbno\u00a0\u00bb type=\u00a0\u00bbfull_width\u00a0\u00bb angled_section=\u00a0\u00bbno\u00a0\u00bb text_align=\u00a0\u00bbleft\u00a0\u00bb background_image_as_pattern=\u00a0\u00bbwithout_pattern\u00a0\u00bb][vc_column][\/vc_column][\/vc_row]<\/p>\n","protected":false},"author":1,"featured_media":0,"parent":0,"menu_order":10,"comment_status":"closed","ping_status":"closed","template":"full_width.php","meta":{"footnotes":""},"class_list":["post-592","page","type-page","status-publish","hentry"],"yoast_head":"<!-- This site is optimized with the Yoast SEO plugin v25.9 - https:\/\/yoast.com\/wordpress\/plugins\/seo\/ -->\n<title>A propos | Kathrin Hoeckel | Engagement pour l&#039;\u00e9ducation<\/title>\n<meta name=\"robots\" content=\"index, follow, max-snippet:-1, max-image-preview:large, max-video-preview:-1\" \/>\n<link rel=\"canonical\" href=\"https:\/\/www.kathrinhoeckel.com\/ueber-mich\/\" \/>\n<meta property=\"og:locale\" content=\"fr_FR\" \/>\n<meta property=\"og:type\" content=\"article\" \/>\n<meta property=\"og:title\" content=\"A propos | Kathrin Hoeckel | Engagement pour l&#039;\u00e9ducation\" \/>\n<meta property=\"og:description\" content=\"[vc_row css_animation=\u00a0\u00bb\u00a0\u00bb row_type=\u00a0\u00bbrow\u00a0\u00bb use_row_as_full_screen_section=\u00a0\u00bbno\u00a0\u00bb type=\u00a0\u00bbfull_width\u00a0\u00bb angled_section=\u00a0\u00bbno\u00a0\u00bb text_align=\u00a0\u00bbleft\u00a0\u00bb background_image_as_pattern=\u00a0\u00bbwithout_pattern\u00a0\u00bb][vc_column][\/vc_column][\/vc_row]\" \/>\n<meta property=\"og:url\" content=\"https:\/\/www.kathrinhoeckel.com\/ueber-mich\/\" \/>\n<meta property=\"og:site_name\" content=\"Kathrin Hoeckel | Engagement pour l&#039;\u00e9ducation\" \/>\n<meta property=\"article:modified_time\" content=\"2024-07-30T15:26:42+00:00\" \/>\n<meta name=\"twitter:card\" content=\"summary_large_image\" \/>\n<meta name=\"twitter:label1\" content=\"Dur\u00e9e de lecture estim\u00e9e\" \/>\n\t<meta name=\"twitter:data1\" content=\"3 minutes\" \/>\n<script type=\"application\/ld+json\" class=\"yoast-schema-graph\">{\"@context\":\"https:\/\/schema.org\",\"@graph\":[{\"@type\":\"WebPage\",\"@id\":\"https:\/\/www.kathrinhoeckel.com\/ueber-mich\/\",\"url\":\"https:\/\/www.kathrinhoeckel.com\/ueber-mich\/\",\"name\":\"A propos | Kathrin Hoeckel | Engagement pour l&#039;\u00e9ducation\",\"isPartOf\":{\"@id\":\"https:\/\/www.kathrinhoeckel.com\/#website\"},\"datePublished\":\"2018-03-22T06:54:08+00:00\",\"dateModified\":\"2024-07-30T15:26:42+00:00\",\"breadcrumb\":{\"@id\":\"https:\/\/www.kathrinhoeckel.com\/ueber-mich\/#breadcrumb\"},\"inLanguage\":\"fr-FR\",\"potentialAction\":[{\"@type\":\"ReadAction\",\"target\":[\"https:\/\/www.kathrinhoeckel.com\/ueber-mich\/\"]}]},{\"@type\":\"BreadcrumbList\",\"@id\":\"https:\/\/www.kathrinhoeckel.com\/ueber-mich\/#breadcrumb\",\"itemListElement\":[{\"@type\":\"ListItem\",\"position\":1,\"name\":\"Startseite\",\"item\":\"https:\/\/www.kathrinhoeckel.com\/fr\/\"},{\"@type\":\"ListItem\",\"position\":2,\"name\":\"A propos\"}]},{\"@type\":\"WebSite\",\"@id\":\"https:\/\/www.kathrinhoeckel.com\/#website\",\"url\":\"https:\/\/www.kathrinhoeckel.com\/\",\"name\":\"Kathrin Hoeckel | Engagement pour l&#039;\u00e9ducation\",\"description\":\"\",\"potentialAction\":[{\"@type\":\"SearchAction\",\"target\":{\"@type\":\"EntryPoint\",\"urlTemplate\":\"https:\/\/www.kathrinhoeckel.com\/?s={search_term_string}\"},\"query-input\":{\"@type\":\"PropertyValueSpecification\",\"valueRequired\":true,\"valueName\":\"search_term_string\"}}],\"inLanguage\":\"fr-FR\"}]}<\/script>\n<!-- \/ Yoast SEO plugin. -->","yoast_head_json":{"title":"A propos | Kathrin Hoeckel | Engagement pour l&#039;\u00e9ducation","robots":{"index":"index","follow":"follow","max-snippet":"max-snippet:-1","max-image-preview":"max-image-preview:large","max-video-preview":"max-video-preview:-1"},"canonical":"https:\/\/www.kathrinhoeckel.com\/ueber-mich\/","og_locale":"fr_FR","og_type":"article","og_title":"A propos | Kathrin Hoeckel | Engagement pour l&#039;\u00e9ducation","og_description":"[vc_row css_animation=\u00a0\u00bb\u00a0\u00bb row_type=\u00a0\u00bbrow\u00a0\u00bb use_row_as_full_screen_section=\u00a0\u00bbno\u00a0\u00bb type=\u00a0\u00bbfull_width\u00a0\u00bb angled_section=\u00a0\u00bbno\u00a0\u00bb text_align=\u00a0\u00bbleft\u00a0\u00bb background_image_as_pattern=\u00a0\u00bbwithout_pattern\u00a0\u00bb][vc_column][\/vc_column][\/vc_row]","og_url":"https:\/\/www.kathrinhoeckel.com\/ueber-mich\/","og_site_name":"Kathrin Hoeckel | Engagement pour l&#039;\u00e9ducation","article_modified_time":"2024-07-30T15:26:42+00:00","twitter_card":"summary_large_image","twitter_misc":{"Dur\u00e9e de lecture estim\u00e9e":"3 minutes"},"schema":{"@context":"https:\/\/schema.org","@graph":[{"@type":"WebPage","@id":"https:\/\/www.kathrinhoeckel.com\/ueber-mich\/","url":"https:\/\/www.kathrinhoeckel.com\/ueber-mich\/","name":"A propos | Kathrin Hoeckel | Engagement pour l&#039;\u00e9ducation","isPartOf":{"@id":"https:\/\/www.kathrinhoeckel.com\/#website"},"datePublished":"2018-03-22T06:54:08+00:00","dateModified":"2024-07-30T15:26:42+00:00","breadcrumb":{"@id":"https:\/\/www.kathrinhoeckel.com\/ueber-mich\/#breadcrumb"},"inLanguage":"fr-FR","potentialAction":[{"@type":"ReadAction","target":["https:\/\/www.kathrinhoeckel.com\/ueber-mich\/"]}]},{"@type":"BreadcrumbList","@id":"https:\/\/www.kathrinhoeckel.com\/ueber-mich\/#breadcrumb","itemListElement":[{"@type":"ListItem","position":1,"name":"Startseite","item":"https:\/\/www.kathrinhoeckel.com\/fr\/"},{"@type":"ListItem","position":2,"name":"A propos"}]},{"@type":"WebSite","@id":"https:\/\/www.kathrinhoeckel.com\/#website","url":"https:\/\/www.kathrinhoeckel.com\/","name":"Kathrin Hoeckel | Engagement pour l&#039;\u00e9ducation","description":"","potentialAction":[{"@type":"SearchAction","target":{"@type":"EntryPoint","urlTemplate":"https:\/\/www.kathrinhoeckel.com\/?s={search_term_string}"},"query-input":{"@type":"PropertyValueSpecification","valueRequired":true,"valueName":"search_term_string"}}],"inLanguage":"fr-FR"}]}},"_links":{"self":[{"href":"https:\/\/www.kathrinhoeckel.com\/fr\/wp-json\/wp\/v2\/pages\/592","targetHints":{"allow":["GET"]}}],"collection":[{"href":"https:\/\/www.kathrinhoeckel.com\/fr\/wp-json\/wp\/v2\/pages"}],"about":[{"href":"https:\/\/www.kathrinhoeckel.com\/fr\/wp-json\/wp\/v2\/types\/page"}],"author":[{"embeddable":true,"href":"https:\/\/www.kathrinhoeckel.com\/fr\/wp-json\/wp\/v2\/users\/1"}],"replies":[{"embeddable":true,"href":"https:\/\/www.kathrinhoeckel.com\/fr\/wp-json\/wp\/v2\/comments?post=592"}],"version-history":[{"count":7,"href":"https:\/\/www.kathrinhoeckel.com\/fr\/wp-json\/wp\/v2\/pages\/592\/revisions"}],"predecessor-version":[{"id":1084,"href":"https:\/\/www.kathrinhoeckel.com\/fr\/wp-json\/wp\/v2\/pages\/592\/revisions\/1084"}],"wp:attachment":[{"href":"https:\/\/www.kathrinhoeckel.com\/fr\/wp-json\/wp\/v2\/media?parent=592"}],"curies":[{"name":"wp","href":"https:\/\/api.w.org\/{rel}","templated":true}]}}